{"id":93,"date":"2023-03-30T06:41:47","date_gmt":"2023-03-30T06:41:47","guid":{"rendered":"https:\/\/industriasrgc.com\/?page_id=93"},"modified":"2024-04-29T21:49:40","modified_gmt":"2024-04-30T02:49:40","slug":"contacto","status":"publish","type":"page","link":"https:\/\/industriasrgc.com\/index.php\/contacto\/","title":{"rendered":"Contacto"},"content":{"rendered":"\n<div class=\"row row-collapse row-full-width\"  id=\"row-711054811\">\n\n\n\t<div id=\"col-1950002160\" class=\"col small-12 large-12\"  >\n\t\t\t\t<div class=\"col-inner\"  >\n\t\t\t\n\t\t\t\n\n\t<section class=\"section\" id=\"section_1462752058\">\n\t\t<div class=\"bg section-bg fill bg-fill  \" >\n\n\t\t\t\n\t\t\t<div class=\"section-bg-overlay absolute fill\"><\/div>\n\t\t\t\n\n\t\t<\/div>\n\n\t\t\n\n\t\t<div class=\"section-content relative\">\n\t\t\t\n\n<div class=\"row row-collapse align-center\" style=\"max-width:\" id=\"row-105356302\">\n\n\n\t<div id=\"col-1613764814\" class=\"col small-12 large-12\"  >\n\t\t\t\t<div class=\"col-inner text-center dark\"  >\n\t\t\t\n\t\t\t\n\n<h1><span style=\"font-size: 250%;\">Contacto<\/span><\/h1>\n\n\t\t<\/div>\n\t\t\t\t\n<style>\n#col-1613764814 > .col-inner {\n  padding: 100px 20px 200px 0px;\n}\n@media (min-width:550px) {\n  #col-1613764814 > .col-inner {\n    padding: 100px 0px 200px 0px;\n  }\n}\n<\/style>\n\t<\/div>\n\n\t\n\n<\/div>\n\n\t\t<\/div>\n\n\t\t\n<style>\n#section_1462752058 {\n  padding-top: 0px;\n  padding-bottom: 0px;\n  min-height: 0px;\n}\n#section_1462752058 .section-bg-overlay {\n  background-color: rgba(0, 0, 0, 0.12);\n}\n#section_1462752058 .section-bg.bg-loaded {\n  background-image: url(https:\/\/industriasrgc.com\/wp-content\/uploads\/2023\/03\/A9A5227-scaled.jpg);\n}\n#section_1462752058 .section-bg {\n  background-position: 39% 74%;\n}\n@media (min-width:550px) {\n  #section_1462752058 {\n    padding-top: 0px;\n    padding-bottom: 0px;\n  }\n  #section_1462752058 .section-bg-overlay {\n    background-color: rgba(0, 0, 0, 0.21);\n  }\n}\n@media (min-width:850px) {\n  #section_1462752058 {\n    padding-top: 100px;\n    padding-bottom: 100px;\n  }\n  #section_1462752058 .section-bg-overlay {\n    background-color: rgba(0, 0, 0, 0.12);\n  }\n}\n<\/style>\n\t<\/section>\n\t\n\n\t\t<\/div>\n\t\t\t\t\n<style>\n#col-1950002160 > .col-inner {\n  padding: 0px 30px 0px 30px;\n}\n<\/style>\n\t<\/div>\n\n\t\n\n<\/div>\n<div class=\"row row-large\" style=\"max-width:1400px\" id=\"row-910591044\">\n\n\n\t<div id=\"col-1743757063\" class=\"col small-12 large-12\"  >\n\t\t\t\t<div class=\"col-inner\" style=\"background-color:rgb(255, 255, 255);\" >\n\t\t\t\n\t\t\t\n\n<div class=\"row row-collapse row-full-width\"  id=\"row-1658865332\">\n\n\n\t<div id=\"col-118663592\" class=\"col medium-12 small-12 large-6\"  >\n\t\t\t\t<div class=\"col-inner\"  >\n\t\t\t\n\t\t\t\n\n<h2><span style=\"font-size: 120%;\">Cont\u00e1ctanos<\/span><\/h2>\n<p>Perm\u00edtenos apersonarnos de tus requerimientos t\u00e9cnicos. d\u00e9janos tu solicitud o mensaje y pronto nos comunicaremos contigo para brindarte el mejor servicio.<\/p>\n\t<div id=\"gap-1426863582\" class=\"gap-element clearfix\" style=\"display:block; height:auto;\">\n\t\t\n<style>\n#gap-1426863582 {\n  padding-top: 20px;\n}\n@media (min-width:550px) {\n  #gap-1426863582 {\n    padding-top: 20px;\n  }\n}\n@media (min-width:850px) {\n  #gap-1426863582 {\n    padding-top: 30px;\n  }\n}\n<\/style>\n\t<\/div>\n\t\n\n<div class=\"row\"  id=\"row-89481745\">\n\n\n\t<div id=\"col-677976928\" class=\"col medium-6 small-12 large-6\"  >\n\t\t\t\t<div class=\"col-inner\"  >\n\t\t\t\n\t\t\t\n\n\t<div class=\"img has-hover x md-x lg-x y md-y lg-y\" id=\"image_2093531612\">\n\t\t\t\t\t\t\t\t<div class=\"img-inner dark\" >\n\t\t\t<img loading=\"lazy\" decoding=\"async\" width=\"240\" height=\"240\" src=\"https:\/\/industriasrgc.com\/wp-content\/uploads\/2023\/03\/map-pin-2-fill-2.png\" class=\"attachment-large size-large\" alt=\"\" srcset=\"https:\/\/industriasrgc.com\/wp-content\/uploads\/2023\/03\/map-pin-2-fill-2.png 240w, https:\/\/industriasrgc.com\/wp-content\/uploads\/2023\/03\/map-pin-2-fill-2-150x150.png 150w, https:\/\/industriasrgc.com\/wp-content\/uploads\/2023\/03\/map-pin-2-fill-2-100x100.png 100w\" sizes=\"auto, (max-width: 240px) 100vw, 240px\" \/>\t\t\t\t\t\t\n\t\t\t\t\t<\/div>\n\t\t\t\t\t\t\t\t\n<style>\n#image_2093531612 {\n  width: 15%;\n}\n@media (min-width:550px) {\n  #image_2093531612 {\n    width: 20%;\n  }\n}\n<\/style>\n\t<\/div>\n\t\n\n<h3 class=\"uppercase\">Direcci\u00f3n<\/h3>\n<p>Funza &#8211; Cundinamarca &#8211; Colombia<\/p>\n\n\t\t<\/div>\n\t\t\t\t\t<\/div>\n\n\t\n\n\t<div id=\"col-1591903670\" class=\"col medium-5 small-12 large-6\"  >\n\t\t\t\t<div class=\"col-inner\"  >\n\t\t\t\n\t\t\t\n\n\t<div class=\"img has-hover x md-x lg-x y md-y lg-y\" id=\"image_1877333759\">\n\t\t\t\t\t\t\t\t<div class=\"img-inner dark\" >\n\t\t\t<img loading=\"lazy\" decoding=\"async\" width=\"240\" height=\"240\" src=\"https:\/\/industriasrgc.com\/wp-content\/uploads\/2023\/03\/time-fill.png\" class=\"attachment-large size-large\" alt=\"\" srcset=\"https:\/\/industriasrgc.com\/wp-content\/uploads\/2023\/03\/time-fill.png 240w, https:\/\/industriasrgc.com\/wp-content\/uploads\/2023\/03\/time-fill-150x150.png 150w, https:\/\/industriasrgc.com\/wp-content\/uploads\/2023\/03\/time-fill-100x100.png 100w\" sizes=\"auto, (max-width: 240px) 100vw, 240px\" \/>\t\t\t\t\t\t\n\t\t\t\t\t<\/div>\n\t\t\t\t\t\t\t\t\n<style>\n#image_1877333759 {\n  width: 15%;\n}\n@media (min-width:550px) {\n  #image_1877333759 {\n    width: 20%;\n  }\n}\n<\/style>\n\t<\/div>\n\t\n\n<h3 class=\"uppercase\">Horario de Atenci\u00f3n<\/h3>\n<p>Lun a Vier: 8am &#8211; 6pm<br \/>S\u00e1bados: 8am &#8211; 2pm<\/p>\n\n\t\t<\/div>\n\t\t\t\t\t<\/div>\n\n\t\n\n<\/div>\n<div class=\"row\"  id=\"row-1204023775\">\n\n\n\t<div id=\"col-2077869019\" class=\"col medium-6 small-12 large-6\"  >\n\t\t\t\t<div class=\"col-inner\"  >\n\t\t\t\n\t\t\t\n\n\t<div class=\"img has-hover x md-x lg-x y md-y lg-y\" id=\"image_1227894555\">\n\t\t\t\t\t\t\t\t<div class=\"img-inner dark\" >\n\t\t\t<img loading=\"lazy\" decoding=\"async\" width=\"240\" height=\"240\" src=\"https:\/\/industriasrgc.com\/wp-content\/uploads\/2023\/03\/mail-open-fill.png\" class=\"attachment-large size-large\" alt=\"\" srcset=\"https:\/\/industriasrgc.com\/wp-content\/uploads\/2023\/03\/mail-open-fill.png 240w, https:\/\/industriasrgc.com\/wp-content\/uploads\/2023\/03\/mail-open-fill-150x150.png 150w, https:\/\/industriasrgc.com\/wp-content\/uploads\/2023\/03\/mail-open-fill-100x100.png 100w\" sizes=\"auto, (max-width: 240px) 100vw, 240px\" \/>\t\t\t\t\t\t\n\t\t\t\t\t<\/div>\n\t\t\t\t\t\t\t\t\n<style>\n#image_1227894555 {\n  width: 15%;\n}\n@media (min-width:550px) {\n  #image_1227894555 {\n    width: 20%;\n  }\n}\n<\/style>\n\t<\/div>\n\t\n\n<h3 class=\"uppercase\">E-mail<\/h3>\n<p>ventas@rgcmontajes.com<\/p>\n\n\t\t<\/div>\n\t\t\t\t\t<\/div>\n\n\t\n\n\t<div id=\"col-1350250402\" class=\"col medium-6 small-12 large-6\"  >\n\t\t\t\t<div class=\"col-inner\"  >\n\t\t\t\n\t\t\t\n\n\t<div class=\"img has-hover x md-x lg-x y md-y lg-y\" id=\"image_6458144\">\n\t\t\t\t\t\t\t\t<div class=\"img-inner dark\" >\n\t\t\t<img loading=\"lazy\" decoding=\"async\" width=\"240\" height=\"240\" src=\"https:\/\/industriasrgc.com\/wp-content\/uploads\/2023\/03\/phone-fill.png\" class=\"attachment-large size-large\" alt=\"\" srcset=\"https:\/\/industriasrgc.com\/wp-content\/uploads\/2023\/03\/phone-fill.png 240w, https:\/\/industriasrgc.com\/wp-content\/uploads\/2023\/03\/phone-fill-150x150.png 150w, https:\/\/industriasrgc.com\/wp-content\/uploads\/2023\/03\/phone-fill-100x100.png 100w\" sizes=\"auto, (max-width: 240px) 100vw, 240px\" \/>\t\t\t\t\t\t\n\t\t\t\t\t<\/div>\n\t\t\t\t\t\t\t\t\n<style>\n#image_6458144 {\n  width: 15%;\n}\n@media (min-width:550px) {\n  #image_6458144 {\n    width: 20%;\n  }\n}\n<\/style>\n\t<\/div>\n\t\n\n<h3 class=\"uppercase\">Tel\u00e9fono<\/h3>\n<p>+57 312 558 87 67<br \/>+57 320 882 75 25<\/p>\n\n\t\t<\/div>\n\t\t\t\t\t<\/div>\n\n\t\n\n<\/div>\n\n\t\t<\/div>\n\t\t\t\t\n<style>\n#col-118663592 > .col-inner {\n  padding: 0px 0px 0px 20px;\n}\n<\/style>\n\t<\/div>\n\n\t\n\n\t<div id=\"col-236144285\" class=\"col medium-12 small-12 large-6\"  >\n\t\t\t\t<div class=\"col-inner\"  >\n\t\t\t\n\t\t\t\n\n<h2><span style=\"font-size: 120%;\">Formulario de Mensaje<\/span><\/h2>\n\t<div id=\"gap-729222273\" class=\"gap-element clearfix\" style=\"display:block; height:auto;\">\n\t\t\n<style>\n#gap-729222273 {\n  padding-top: 20px;\n}\n@media (min-width:550px) {\n  #gap-729222273 {\n    padding-top: 20px;\n  }\n}\n@media (min-width:850px) {\n  #gap-729222273 {\n    padding-top: 30px;\n  }\n}\n<\/style>\n\t<\/div>\n\t\n\n\n<div class=\"wpcf7 no-js\" id=\"wpcf7-f13-o1\" lang=\"en-US\" dir=\"ltr\" data-wpcf7-id=\"13\">\n<div class=\"screen-reader-response\"><p role=\"status\" aria-live=\"polite\" aria-atomic=\"true\"><\/p> <ul><\/ul><\/div>\n<form action=\"\/index.php\/wp-json\/wp\/v2\/pages\/93#wpcf7-f13-o1\" method=\"post\" class=\"wpcf7-form init\" aria-label=\"Contact form\" novalidate=\"novalidate\" data-status=\"init\">\n<fieldset class=\"hidden-fields-container\"><input type=\"hidden\" name=\"_wpcf7\" value=\"13\" \/><input type=\"hidden\" name=\"_wpcf7_version\" value=\"6.1.3\" \/><input type=\"hidden\" name=\"_wpcf7_locale\" value=\"en_US\" \/><input type=\"hidden\" name=\"_wpcf7_unit_tag\" value=\"wpcf7-f13-o1\" \/><input type=\"hidden\" name=\"_wpcf7_container_post\" value=\"0\" \/><input type=\"hidden\" name=\"_wpcf7_posted_data_hash\" value=\"\" \/>\n<\/fieldset>\n<p><label> Nombre<br \/>\n<span class=\"wpcf7-form-control-wrap\" data-name=\"your-name\"><input size=\"40\" maxlength=\"400\" class=\"wpcf7-form-control wpcf7-text wpcf7-validates-as-required\" autocomplete=\"name\" aria-required=\"true\" aria-invalid=\"false\" value=\"\" type=\"text\" name=\"your-name\" \/><\/span> <\/label>\n<\/p>\n<p><label> E-mail<br \/>\n<span class=\"wpcf7-form-control-wrap\" data-name=\"your-email\"><input size=\"40\" maxlength=\"400\" class=\"wpcf7-form-control wpcf7-email wpcf7-validates-as-required wpcf7-text wpcf7-validates-as-email\" autocomplete=\"email\" aria-required=\"true\" aria-invalid=\"false\" value=\"\" type=\"email\" name=\"your-email\" \/><\/span> <\/label>\n<\/p>\n<p><label> Asunto<br \/>\n<span class=\"wpcf7-form-control-wrap\" data-name=\"your-subject\"><input size=\"40\" maxlength=\"400\" class=\"wpcf7-form-control wpcf7-text wpcf7-validates-as-required\" aria-required=\"true\" aria-invalid=\"false\" value=\"\" type=\"text\" name=\"your-subject\" \/><\/span> <\/label>\n<\/p>\n<p><label> Mensaje (optional)<br \/>\n<span class=\"wpcf7-form-control-wrap\" data-name=\"your-message\"><textarea cols=\"40\" rows=\"10\" maxlength=\"2000\" class=\"wpcf7-form-control wpcf7-textarea\" aria-invalid=\"false\" name=\"your-message\"><\/textarea><\/span> <\/label>\n<\/p>\n<p><input class=\"wpcf7-form-control wpcf7-submit has-spinner\" type=\"submit\" value=\"Enviar\" \/>\n<\/p><div class=\"wpcf7-response-output\" aria-hidden=\"true\"><\/div>\n<\/form>\n<\/div>\n\n\n\n\t\t<\/div>\n\t\t\t\t\t<\/div>\n\n\t\n\n\n<style>\n#row-1658865332 > .col > .col-inner {\n  padding: 0px 15px 0px 15px;\n}\n<\/style>\n<\/div>\n\n\t\t<\/div>\n\t\t\t\t\n<style>\n#col-1743757063 > .col-inner {\n  padding: 50px 20px 0px 20px;\n  margin: -0 0px 0px 0px;\n}\n@media (min-width:550px) {\n  #col-1743757063 > .col-inner {\n    padding: 50px 20px 30px 20px;\n    margin: 0 0px 0px 0px;\n  }\n}\n@media (min-width:850px) {\n  #col-1743757063 > .col-inner {\n    padding: 66px 5% 16px 5%;\n    margin: -135px 0px 0px 0px;\n  }\n}\n<\/style>\n\t<\/div>\n\n\t\n\n<\/div>\n<div class=\"row row-collapse row-full-width\"  id=\"row-2028029152\">\n\n\n\t<div id=\"col-299494566\" class=\"col small-12 large-12\"  >\n\t\t\t\t<div class=\"col-inner\"  >\n\t\t\t\n\t\t\t\n\n\n\n<iframe src=\"https:\/\/www.google.com\/maps\/embed?pb=!1m18!1m12!1m3!1d301.59118571178004!2d-74.2143019644022!3d4.710194545180459!2m3!1f0!2f0!3f0!3m2!1i1024!2i768!4f13.1!3m3!1m2!1s0x8e3f85674e8576af%3A0x2c57e90903730f92!2sIndustrias%20RGC!5e1!3m2!1ses!2sco!4v1714445357752!5m2!1ses!2sco\" width=\"1800\" height=\"600\" style=\"border:0;\" allowfullscreen=\"\" loading=\"lazy\" referrerpolicy=\"no-referrer-when-downgrade\"><\/iframe>\n\n\n\t\t<\/div>\n\t\t\t\t\n<style>\n#col-299494566 > .col-inner {\n  padding: 0px 30px 0px 30px;\n}\n<\/style>\n\t<\/div>\n\n\t\n\n<\/div>\n\n","protected":false},"excerpt":{"rendered":"","protected":false},"author":1,"featured_media":0,"parent":0,"menu_order":0,"comment_status":"closed","ping_status":"closed","template":"","meta":{"footnotes":""},"class_list":["post-93","page","type-page","status-publish","hentry"],"aioseo_notices":[],"_links":{"self":[{"href":"https:\/\/industriasrgc.com\/index.php\/wp-json\/wp\/v2\/pages\/93","targetHints":{"allow":["GET"]}}],"collection":[{"href":"https:\/\/industriasrgc.com\/index.php\/wp-json\/wp\/v2\/pages"}],"about":[{"href":"https:\/\/industriasrgc.com\/index.php\/wp-json\/wp\/v2\/types\/page"}],"author":[{"embeddable":true,"href":"https:\/\/industriasrgc.com\/index.php\/wp-json\/wp\/v2\/users\/1"}],"replies":[{"embeddable":true,"href":"https:\/\/industriasrgc.com\/index.php\/wp-json\/wp\/v2\/comments?post=93"}],"version-history":[{"count":10,"href":"https:\/\/industriasrgc.com\/index.php\/wp-json\/wp\/v2\/pages\/93\/revisions"}],"predecessor-version":[{"id":213,"href":"https:\/\/industriasrgc.com\/index.php\/wp-json\/wp\/v2\/pages\/93\/revisions\/213"}],"wp:attachment":[{"href":"https:\/\/industriasrgc.com\/index.php\/wp-json\/wp\/v2\/media?parent=93"}],"curies":[{"name":"wp","href":"https:\/\/api.w.org\/{rel}","templated":true}]}}